{"id":3414,"date":"2021-01-27T07:36:24","date_gmt":"2021-01-27T05:36:24","guid":{"rendered":"http:\/\/www.bestpackaging.ro\/?page_id=3414"},"modified":"2021-01-27T07:41:32","modified_gmt":"2021-01-27T05:41:32","slug":"politica-de-confidentialitate","status":"publish","type":"page","link":"https:\/\/www.bestpackaging.ro\/en\/politica-de-confidentialitate\/","title":{"rendered":"Politic\u0103 de confiden\u021bialitate"},"content":{"rendered":"<p>POLITICI PRIVIND CONFIDENTIALITATEA<br>DATELOR CU CARACTER PERSONAL<\/p>\n\n\n\n<p>Preambul<br>Prezentul document con\u021bine politica de confiden\u021bialitate si de utilizare a datelor cu caracter personal a Best Packaging S.R.L., persoan\u0103 juridic\u0103 de drept privat, cu sediul Judetul Ilfov, Orasul Pantelimon, str. Sos. de Centura nr.66, halele Mustang Traco &#8211; Hala nr. 2, Tarlaua 25, Parcela 158, avand cod fiscal RO32841060, denumit\u0103 in continuare \u201eCompania\u201d.<br>Compania respect\u0103 confiden\u021bialitatea datelor \u0219i se angajeaz\u0103 s\u0103 protejeze datele cu caracter personal ale clien\u021bilor\/colaboratorilor s\u0103i. Aceast\u0103 rubrica are scopul de a informa cu privire la modul \u00een care proces\u0103m datele dvs. cu caracter personal \u0219i despre drepturile dvs. \u015fi modul \u00een care legea v\u0103 protejeaz\u0103.<br>Avem rug\u0103mintea s\u0103 citi\u021bi cu aten\u021bie aceast\u0103 Politic\u0103 privind Protec\u021bia Datelor Personale. Prin accesarea \u0219i utilizarea website-ului \u0219i a serviciilor\/produselor noastre, confirma\u021bi c\u0103 a\u021bi avut ocazia s\u0103 citi\u021bi aceast\u0103 Politic\u0103 \u00een mod corespunz\u0103tor, c\u0103 a\u021bi \u00een\u021beles-o \u0219i c\u0103 sunte\u021bi de acord cu prevederile ei.<\/p>\n\n\n\n<ol><li>Informa\u0163ii semnificative \u015fi cine este Best Packaging S.R.L.<br>Scopul acestei politici este de a v\u0103 furniza informa\u021bii referitoare la modalitatea in care colect\u0103m si proces\u0103m date cu caracter personal, urmare interactiunii cu compania noastra sau a utiliz\u0103rii de c\u0103tre dvs. a site-ului www.bestpackaging.ro.<br>Este important s\u0103 lua\u021bi la cunostin\u021b\u0103 prevederile acestei politici de confiden\u021bialitate a datelor cu caracter personal, \u00eempreun\u0103 cu orice alte notific\u0103ri sau informatii pe care vi le-am comunicat sau le vom comunica ulterior, pentru a fi con\u015ftien\u0163i si in cunostina de cauza in ceea ce priveste modul \u015fi motivul pentru care procesam datele dvs.<br>Conform dispozitiilor Regulamentului (EU) 2016\/679, am desemnat o persoana responsabila cu protectia datelor personale. In cazul in care ave\u0163i \u00eentreb\u0103ri despre prezenta politic\u0103, inclusiv orice solicit\u0103ri de a va exercita drepturile conform Regulamentului, puteti contacta persoana susmentionata, folosind datele de mai jos:<br>Detalii de contact:<br>E-mail: info@bestpackaging.ro<br>Telefon: \u2026\u2026\u2026\u2026\u2026\u2026\u2026\u2026\u2026\u2026<br>Adresa: Judetul Ilfov, Orasul Pantelimon, str. Sos. de Centura nr.66, halele Mustang Traco &#8211; Hala nr. 2, Tarlaua 25, Parcela 158<br>Ave\u0163i dreptul de a face o pl\u00e2ngere \u00een orice moment Autoritatii Nationale de Supraveghere a Prelucrarii Datelor cu Caracter Personal (ANSPDCP &#8211; www.dataprotection.ro). Va asiguram insa ca \u00eenainte de a v\u0103 adresa Autoritatii, ne puteti contacta pe noi, urmand sa solutionam amiabil orice nelamurire\/nemultumire.<\/li><\/ol>\n\n\n\n<p>Link-uri asociate<br>Site-ul nostru poate include linkuri c\u0103tre site-uri web ter\u0163e, plug-in-uri \u015fi aplica\u0163ii. Accesand aceste link-uri puteti permite ter\u0163ilor s\u0103 colecteze sau s\u0103 divulge date despre dvs. Best Packaging nu controleaza aceste site-uri \u015fi nu este responsabila pentru Politicile acestora de confiden\u0163ialitate sau modul in care acestia prelucreaza date cu caracter personal.<\/p>\n\n\n\n<ol start=\"2\"><li>Datele personale pe care le colect\u0103m<br>Datele personale pe care Best Packaging S.R.L.. le prelucreaza sunt, in principal, date de identificare, demografice, sau alte date personale pe care le colectam direct sau din alte surse atunci cand deveniti clientul nostru, sau cand folositi produsele sau serviciile noastre.<br>Putem colecta, stoca, utiliza \u015fi\/sau transfera diferite tipuri de date cu caracter personal:<br>Date de identificare: nume si prenume, CNP, starea civil\u0103, data na\u0219terii, sex, etc.<br>Date de contact: adresa de domiciliu\/resedinta, adresa de e-mail si numerele de telefon.<br>Date referitoare la tranzac\u0163ii: detalii despre incasarile de la dvs.<br>Informatii de marketing: preferin\u0163ele dumneavoastr\u0103 \u00een primirea de comunicari publicitare\/ de marketing.<br>Compania nu colecteaza categorii speciale de date cu caracter personal: convingeri religioase, filozofice sau morale, etnie, rasa, via\u0163a sau orientare sexual\u0103, opinii politice, informa\u0163ii despre condamn\u0103ri \u015fi infrac\u0163iuni penale (daca acestea nu sunt prevazute prevazute de lege).<\/li><li>Cum colectam datele personale?<br>Prin interac\u0163iuni directe (posta, telefon, e-mail) prin care dvs. va pute\u0163i divulga: date de identitate, date de contact, etc.<br>Orice alte moduri de colectare a datelor cu caracter personal.<\/li><li>Cum si in ce scop utiliz\u0103m datele personale<br>Prelucram datele personale numai pentru scopuri legitime, precum acela de a intocmirea si furnizarea detaliilor cu referire la contract, pentru imbunatatirea si dezvoltarea produselor si serviciilor pe care le oferim, pentru a preveni si combate fraudele sau activitatile de spalare a banilor, etc. Prelucrarea datelor personale se intemeiaza intotdeauna fie pe executarea contractelor, pe nevoia de a respecta o obligatie legala sau un interes public major sau, dupa caz, pe consimtamantul tau daca ti-ai manifestat optiunea in acest sens.<br>Consim\u0163\u0103m\u00e2ntul dvs. reprezinta o baz\u0103 legal\u0103 pentru procesarea datelor dvs. personale.<br>Compania v\u0103 va putea transmite comunicari de marketing dac\u0103:<br>a\u0163i solicitat informa\u0163ii\/detalii referitoare la produsele noastre;<br>a\u0163i achizi\u0163ionat produse de la noi;<br>In fiecare din cazurile enumerate mai sus, v-ati oferit consimtamantul pentru a primi astfel de informari de marketing\/publicitare.<br>Va vom solicita acordul expres, \u00eenainte de a divulga datele dvs. cu caracter personal, in scopuri de marketing\/publicitate catre orice tert\/colaborator Best Packaging S.R.L.<br>Ne puteti solicita, \u00een orice moment, atat noua, cat si ter\u0163ilor, s\u0103 nu v\u0103 mai transmitem mesaje de marketing\/publicitate. Acest lucru poate fi realizat prin trimiterea unei notificari la adresa de e-mail info@bestpackaging.ro sau la sediul social al companiei. Solicitarea nu va afecta procesarea datelor dvs. cu caracter personal, in alte scopuri non-publicitare.<br>In cazul in care vom fi nevoiti sa folosim si in alte scopuri, in legatura sau in afara de cele pentru care le-am colectat initial, conform legii sau in cazul in care sunt solicitate de autoritati\/organe competente, va vom notifica si va vom expune temeiul legal in baza caruia am facut acest lucru.<\/li><li>Securitatea datelor<br>Am dezvoltat m\u0103suri adecvate de securitate pentru a preveni utilizarea sau accesarea \u00eentr-un mod neautorizat a datelor dumneavoastr\u0103 personale, divulgarea sau modificarea, pierderea accidental\u0103 a acestora.<br>Accesul angaja\u0163ilor, tertilor, agen\u0163ilor, contractan\u0163ilor \u015fi altor terti, la datele dvs. personale, este limitat la ceea ce este absolut necesar, in raport de scopurile colectarii datelor. Acestia vor procesa datele dvs. personale doar in baza instruc\u0163iunilor noastre, fiind supusi clauzelor de confidentialitate. Aditional, am luat masuri pentru contracararea oric\u0103rei brese de securitate cu privire la datele dvs. personale, pentru a evita ca datele dvs.sa fie afectate, in orice fel. In cazul aparitiei unor complicatii in securitate, v\u0103 vom notifica, atat pe dvs, cat \u0219i ANSPDCP.<\/li><li>C\u00e2t timp vom folosi datele dvs. personale?<br>Datele dvs. personale sunt prelucrate pe tot parcursul relatiei noastre contractuale si, dupa finalizarea acesteia, cel putin pe perioada impusa de prevederile legale aplicabile in domeniu, inclusiv, dar fara limitare, la dispozitiile privind arhivarea.<\/li><li>Drepturile dvs. legale<br>Noul Regulament privind protectia datelor cu caracter personal recunoaste o serie de drepturi suplimentare pentru consumatori, care pot fi exercitate in anumite conditii.<br>Dreptul la informare \u2013 poti solicita informatii privind activitatile de prelucrare a datelor tale personale;<br>Dreptul la rectificare \u2013 poti rectifica datele personale inexacte sau le poti completa;<br>Dreptul la stergerea datelor (&#8222;dreptul de a fi uitat&#8221;) \u2013 poti obtine stergerea datelor, in cazul in care prelucrarea acestora nu a fost legala sau in alte cazuri prevazute de lege;<br>Dreptul la restrictionarea prelucrarii &#8211; poti solicita restrictionarea prelucrarii in cazul in care contesti exactitatea datelor, precum si in alte cazuri prevazute de lege;<br>Dreptul de opozitie \u2013 poti sa te opui, in special, prelucrarilor de date care se intemeiaza pe interesul nostru legitim;<br>Dreptul la portabilitatea datelor &#8211; poti primi, in anumite conditii, datele personale pe care ni le-ai furnizat, intr-un format care poate fi citit automat sau poti solicita ca respectivele date sa fie transmise altui operator;<br>Dreptul de a depune plangere &#8211; poti depune plangere fata de modalitatea de prelucrare a datelor personale la Autoritatea Nationala de Supraveghere a Prelucrarii Datelor cu Caracter Personal;<br>Dreptul de retragere a consimtamantului \u2013 in cazurile in care prelucrarea se intemeiaza pe consimtamantul tau, ti-l poti retrage oricand. Retragerea consimtamantului va avea efecte doar pentru viitor, prelucrarea efectuata anterior retragerii ramanand in continuare valabila;<br>Drepturi suplimentare aferente deciziilor automate: poti cere si obtine interventia umana cu privire la respectiva prelucrare, iti poti exprima propriul punct de vedere cu privire la aceasta si poti contesta decizia.<br>Exercitarea drepturilor dvs. este gratuita. Nu veti fi nevoiti s\u0103 platiti nicio tax\u0103 pentru a va exercita drepturile dvs. referitoare la datele cu caracter personal, in conditiile in care solicitarile dvs. sunt fondate si justificate. In cazul \u00een care optati pentru exercitarea abuziva a drepturilor conferite de lege, cererile dvs. fiind nefondate, repetitive sau excesive, exista posibilitatea solicitarii unei taxe pentru acoperirea costurilor operationale. Da asemenea, v\u0103 putem contacta pentru a cere informa\u0163ii suplimentare \u00een leg\u0103tur\u0103 cu solicitarea dumneavoastr\u0103.<br>Facem tot posibilul s\u0103 r\u0103spundem tuturor solicit\u0103rilor legitime \u00een termen de maxim 30 de zile. Ocazional, comunicarea unui raspuns poate dura mai mult, dac\u0103 cererea dumneavoastr\u0103 este complex\u0103 sau exista mai multe cereri formulate de acelasi consumator . \u00cen acest caz, v\u0103 vom notifica un termen estimativ de raspuns \u015fi v\u0103 vom \u0163ine la curent cu stadiul cererii\/cererilor dvs.<\/li><li>Dispozi\u021bii finale<br>Aceasta Politica privind confiden\u021bialitatea datelor cu carater personal poate fi actualizat\u0103 ocazional de c\u0103tre Best Packaging S.R.L.<\/li><\/ol>","protected":false},"excerpt":{"rendered":"<p>POLITICI PRIVIND CONFIDENTIALITATEADATELOR CU CARACTER PERSONAL PreambulPrezentul document con\u021bine politica de confiden\u021bialitate si de utilizare a datelor cu caracter personal a Best Packaging S.R.L., persoan\u0103 juridic\u0103 de drept privat, cu sediul Judetul Ilfov, Orasul Pantelimon, str. Sos. de Centura nr.66, halele Mustang&hellip;<\/p>","protected":false},"author":1,"featured_media":0,"parent":0,"menu_order":0,"comment_status":"closed","ping_status":"closed","template":"","meta":[],"_links":{"self":[{"href":"https:\/\/www.bestpackaging.ro\/en\/wp-json\/wp\/v2\/pages\/3414"}],"collection":[{"href":"https:\/\/www.bestpackaging.ro\/en\/wp-json\/wp\/v2\/pages"}],"about":[{"href":"https:\/\/www.bestpackaging.ro\/en\/wp-json\/wp\/v2\/types\/page"}],"author":[{"embeddable":true,"href":"https:\/\/www.bestpackaging.ro\/en\/wp-json\/wp\/v2\/users\/1"}],"replies":[{"embeddable":true,"href":"https:\/\/www.bestpackaging.ro\/en\/wp-json\/wp\/v2\/comments?post=3414"}],"version-history":[{"count":1,"href":"https:\/\/www.bestpackaging.ro\/en\/wp-json\/wp\/v2\/pages\/3414\/revisions"}],"predecessor-version":[{"id":3415,"href":"https:\/\/www.bestpackaging.ro\/en\/wp-json\/wp\/v2\/pages\/3414\/revisions\/3415"}],"wp:attachment":[{"href":"https:\/\/www.bestpackaging.ro\/en\/wp-json\/wp\/v2\/media?parent=3414"}],"curies":[{"name":"wp","href":"https:\/\/api.w.org\/{rel}","templated":true}]}}